{"id":264,"date":"2014-05-31T09:14:12","date_gmt":"2014-05-31T08:14:12","guid":{"rendered":"http:\/\/www.chemucation.co.uk\/?page_id=264"},"modified":"2024-09-04T15:06:07","modified_gmt":"2024-09-04T14:06:07","slug":"2006-2","status":"publish","type":"page","link":"https:\/\/www.chemucation.co.uk\/?page_id=264","title":{"rendered":"2006"},"content":{"rendered":"<p><a href=\"http:\/\/www.researchgate.net\/publication\/246956013_Study_of_metabolite_composition_of_eccrine_sweat_from_healthy_male_and_female_human_subjects_by_1_H_NMR_spectroscopy\">M. Harker, H. Coulson, I. Fairweather, D. Taylor, <strong>C. Daykin<\/strong>, A<em> Metabonomic Study of Eccrine Sweat from Healthy Male and Female Human Subjects by 1H NMR Spectroscopy<\/em>, Metabolomics, 2 (3): 105-112<\/a><\/p>\n<p><a href=\"http:\/\/pubs.acs.org\/doi\/abs\/10.1021\/jf061016x\">F.A. van Dorsten,<strong> C.A. Daykin<\/strong>, T.P.J. Mulder, J.P.M. van Duynhoven, <em>A Metabonomics Approach to Determine Metabolic Differences Between Green Tea and Black Tea Consumption<\/em>, J. Agric. Food Chem., 54: 6929-6938<\/a><\/p>\n<p><a href=\"http:\/\/benthamscience.com\/ebooks\/\/Sample\/9781608052004-sample.pdf\"><strong>C.A. Daykin<\/strong> and F. W\u00fclfert, <em>NMR Spectroscopy Based Metabonomics: Current Technology and Applications<\/em>, Frontiers in Drug Design and Discovery, Volume 2, pp 151-173, ISBN 90-77527-09-5<\/a><\/p>\n<p><a href=\"http:\/\/www.mms.technologynetworks.net\/posters\/0270.pdf\">A. Awwad, C. Ortori, D. Barrett, <strong>C.A. Daykin<\/strong>, <em>The Comparison of Lipid Extraction Methods for the Lipidomic Analysis of\u00a0Blood Plasma<\/em>, Metabomeeting 3.0, London, UK.<\/a><\/p>\n<p>J. van Duynhoven, E. van Velzen, F. van Dorsten, M. Bingham, N. Deltimple, R. Draijer, <strong>C. Daykin<\/strong>, T. Mulder, C. Kroner,\u00a0<em>Assesment Of The Metabolic Impact Of Flavonoid Intake On Humans<\/em>, Dutch NMR-DG, Oss, The Netherlands. 2006<\/p>\n<p>J.P.M. van Duynhoven, T.P.J. Mulder, <strong>C.A. Daykin<\/strong>, F. van Dorsten, J.M.M van Amelsvoort, <em>A \u00a0H NMR spectroscopy based metabonomic study on the impact of green and black tea on humans<\/em>, GERM (Groupement fran\u00e7ais d&#8217;Etudes de R\u00e9sonance Magn\u00e9tique) Congress, Blankenberge, Belgium.<\/p>\n<p>F. van Dorsten, <strong>C.A. Daykin<\/strong>, T.P.J. Mulder, J.M.M. van Amelsvoort, J.P.M. van Duynhoven, <em>A metabonomics approach to determine metabolic differences between green tea and black tea consumption?<\/em>, Maga Circe, Rome, Italy.<\/p>\n","protected":false},"excerpt":{"rendered":"<p>M. Harker, H. Coulson, I. Fairweather, D. Taylor, C. Daykin, A Metabonomic Study of Eccrine Sweat from Healthy Male and Female Human Subjects by 1H NMR Spectroscopy, Metabolomics, 2 (3): 105-112 F.A. van Dorsten, C.A. Daykin, T.P.J. Mulder, J.P.M. van Duynhoven, A Metabonomics Approach to Determine Metabolic Differences Between Green Tea and Black Tea Consumption, [&hellip;]<\/p>\n","protected":false},"author":1,"featured_media":0,"parent":39,"menu_order":0,"comment_status":"closed","ping_status":"closed","template":"fullwidth-page.php","meta":{"_monsterinsights_skip_tracking":false,"_monsterinsights_sitenote_active":false,"_monsterinsights_sitenote_note":"","_monsterinsights_sitenote_category":0,"jetpack_post_was_ever_published":false,"footnotes":""},"class_list":["post-264","page","type-page","status-publish","hentry"],"jetpack_shortlink":"https:\/\/wp.me\/P3WGWF-4g","jetpack_sharing_enabled":true,"_links":{"self":[{"href":"https:\/\/www.chemucation.co.uk\/index.php?rest_route=\/wp\/v2\/pages\/264","targetHints":{"allow":["GET"]}}],"collection":[{"href":"https:\/\/www.chemucation.co.uk\/index.php?rest_route=\/wp\/v2\/pages"}],"about":[{"href":"https:\/\/www.chemucation.co.uk\/index.php?rest_route=\/wp\/v2\/types\/page"}],"author":[{"embeddable":true,"href":"https:\/\/www.chemucation.co.uk\/index.php?rest_route=\/wp\/v2\/users\/1"}],"replies":[{"embeddable":true,"href":"https:\/\/www.chemucation.co.uk\/index.php?rest_route=%2Fwp%2Fv2%2Fcomments&post=264"}],"version-history":[{"count":10,"href":"https:\/\/www.chemucation.co.uk\/index.php?rest_route=\/wp\/v2\/pages\/264\/revisions"}],"predecessor-version":[{"id":312,"href":"https:\/\/www.chemucation.co.uk\/index.php?rest_route=\/wp\/v2\/pages\/264\/revisions\/312"}],"up":[{"embeddable":true,"href":"https:\/\/www.chemucation.co.uk\/index.php?rest_route=\/wp\/v2\/pages\/39"}],"wp:attachment":[{"href":"https:\/\/www.chemucation.co.uk\/index.php?rest_route=%2Fwp%2Fv2%2Fmedia&parent=264"}],"curies":[{"name":"wp","href":"https:\/\/api.w.org\/{rel}","templated":true}]}}